{"id":2,"date":"2013-10-14T07:15:08","date_gmt":"2013-10-14T07:15:08","guid":{"rendered":"http:\/\/crioh.org\/?page_id=2"},"modified":"2017-01-25T10:44:25","modified_gmt":"2017-01-25T15:44:25","slug":"sample-page","status":"publish","type":"page","link":"http:\/\/crioh.org\/?page_id=2","title":{"rendered":"Bienvenidos"},"content":{"rendered":"<p><span style=\"font-size: 14px; line-height: 21px;\"><b>\u00bfC\u00f3mo nace?<\/b><\/span><\/p>\n<p>La firma Consultora surge del triple principio: Consciencia, Responsabilidad y Humildad. La \u201cH\u201d es honor. La \u201cO\u201d, como s\u00edmbolo del infinito, la figura perfecta. Esto refleja nuestro m\u00e1s profundo sentido de la integraci\u00f3n con nuestra red de Consultores, Instructores, Representantes y Clientes, en su m\u00e1s amplio sentido para conformar equipos de trabajo, con un liderazgo centrado en la gente.<\/p>\n<p>CrioH.org \u00a0es una plataforma educativa en donde se dise\u00f1an metodolog\u00edas de formaci\u00f3n en Programas de Gesti\u00f3n Ejecutiva, con el modelo de Liderazgo Consciente para transformar a las organizaciones a trav\u00e9s de su cultura, para generar un mejor entorno.<\/p>\n<p>\u0097Nuestro prop\u00f3sito fundamental es el de transformar nuestra realidad por medio de las empresas y proyectos educativos basados en los lineamientos del Conscious Capitalism y El Modelo Integral aplicados a organizaciones que desean se parte de una Cultura Consciente.<\/p>\n<p><strong>Metodolog\u00eda<\/strong><\/p>\n<p style=\"text-align: left;\">Powered By CrioH.org<\/p>\n<p style=\"text-align: left;\">M\u00e9xico y Latam<\/p>\n","protected":false},"excerpt":{"rendered":"<p>\u00bfC\u00f3mo nace? La firma Consultora surge del triple principio: Consciencia, Responsabilidad y Humildad. La \u201cH\u201d es honor. La \u201cO\u201d, como s\u00edmbolo del infinito, la figura perfecta. Esto refleja nuestro m\u00e1s profundo sentido de la integraci\u00f3n con nuestra red de Consultores, Instructores, Representantes y Clientes, en su m\u00e1s amplio sentido para conformar equipos de trabajo, con [&hellip;]<\/p>\n","protected":false},"author":1,"featured_media":0,"parent":0,"menu_order":1,"comment_status":"closed","ping_status":"closed","template":"templates\/template-full-notitle.php","meta":[],"_links":{"self":[{"href":"http:\/\/crioh.org\/index.php?rest_route=\/wp\/v2\/pages\/2"}],"collection":[{"href":"http:\/\/crioh.org\/index.php?rest_route=\/wp\/v2\/pages"}],"about":[{"href":"http:\/\/crioh.org\/index.php?rest_route=\/wp\/v2\/types\/page"}],"author":[{"embeddable":true,"href":"http:\/\/crioh.org\/index.php?rest_route=\/wp\/v2\/users\/1"}],"replies":[{"embeddable":true,"href":"http:\/\/crioh.org\/index.php?rest_route=%2Fwp%2Fv2%2Fcomments&post=2"}],"version-history":[{"count":28,"href":"http:\/\/crioh.org\/index.php?rest_route=\/wp\/v2\/pages\/2\/revisions"}],"predecessor-version":[{"id":389,"href":"http:\/\/crioh.org\/index.php?rest_route=\/wp\/v2\/pages\/2\/revisions\/389"}],"wp:attachment":[{"href":"http:\/\/crioh.org\/index.php?rest_route=%2Fwp%2Fv2%2Fmedia&parent=2"}],"curies":[{"name":"wp","href":"https:\/\/api.w.org\/{rel}","templated":true}]}}