{"id":384,"date":"2017-01-23T19:38:23","date_gmt":"2017-01-24T00:38:23","guid":{"rendered":"http:\/\/crioh.org\/?page_id=384"},"modified":"2017-01-23T19:48:03","modified_gmt":"2017-01-24T00:48:03","slug":"consultores","status":"publish","type":"page","link":"http:\/\/crioh.org\/?page_id=384","title":{"rendered":"Consultores"},"content":{"rendered":"<div class=\"tmm tmm_consultores\"><div class=\"tmm_2_columns tmm_wrap \"><span class=\"tmm_two_containers_tablet\"><\/span><div class=\"tmm_container\"><div class=\"tmm_member\" style=\"border-top: solid 5px;\"><div class=\"tmm_textblock\"><div class=\"tmm_names\"><span class=\"tmm_fname\">Jorge Alberto <\/span> <span class=\"tmm_lname\">Ponce Mart\u00edn del Campo<\/span><\/div><div class=\"tmm_job\">Consultor<\/div><div class=\"tmm_desc\" style=\"text-align:center\">Certificado por CrioH.Org en los programas de Conscious Business\r\n25 a\u00f1os de trayectoria profesional. \r\n\r\nExpertise de 15 a\u00f1os  en Direcci\u00f3n General de Empresas Medianas de tipo familiar en su proceso de institucionalizaci\u00f3n y cambio generacional.\r\nEmpresas en las que ha participado en Mentoring a nivel Direcci\u00f3n General:\r\nCHC, Diageo, Grupo CORVI, Genoma Lab y PagaTodo.\r\n\r\nExperiencia previa a la consultor\u00eda y coaching de 10 a\u00f1os en Alta Gerencia y Direcci\u00f3n como parte de su formaci\u00f3n Corporativa en las empresas: Procter&amp;Gamble, The Clorox Company, Pfizer.\r\n\r\nExcelencia en la Operaci\u00f3n Comercial para la Industria del Consumo Masivo. Integra un perfil 360\u00b0en el \u00c1rea Comercial: Ventas, Desarrollo Humano, Trade Marketing, Tecnolog\u00edas de  Informaci\u00f3n y Administraci\u00f3n del \u00c1rea Comercial.\r\n\r\nFormaci\u00f3n Acad\u00e9mica y Profesional: Ingenier\u00eda en Sistemas Computacionales en ITESM Con Beca por ser seleccionado como deportista de alto Rendimiento en Volley Ball. \r\nFormado en la primera generaci\u00f3n de Coaches e Instructores en M\u00e9xico de:\r\nCrioH Conscious Business.\r\n\r\nSu gran liderazgo, visi\u00f3n estrat\u00e9gica y energ\u00eda lo llevaron a fundar EXCOM SA de CV, quienes desde hace 8 a\u00f1os se han dedicado a apoyar el Desarrollo de las Empresas de sus clientes,  trav\u00e9s de sus Modelos de Consultor\u00eda basados en:\r\nCoaching \u2013Mentoring-  y Consultor\u00eda\r\nGesti\u00f3n Comercial y  Formaci\u00f3n de equipos de Alto Rendimiento con fuerte enfoque comercial. \r\n<\/div><div class=\"tmm_scblock\"><a target=\"_blank\" class=\"tmm_sociallink\" href=\"http:\/\/crioh.org\" title=\"\"><img alt=\"\" src=\"http:\/\/crioh.org\/wp-content\/plugins\/team-members\/inc\/img\/links\/website.png\"\/><\/a><a class=\"tmm_sociallink\" href=\"mailto:jpomar33@hotmail.com\" title=\"\"><img alt=\"\" src=\"http:\/\/crioh.org\/wp-content\/plugins\/team-members\/inc\/img\/links\/email.png\"\/><\/a><a target=\"_blank\" class=\"tmm_sociallink\" href=\"https:\/\/mx.linkedin.com\/in\/jpomar33\/es\" title=\"\"><img alt=\"\" src=\"http:\/\/crioh.org\/wp-content\/plugins\/team-members\/inc\/img\/links\/linkedin.png\"\/><\/a><\/div><\/div><\/div><div class=\"tmm_member\" style=\"border-top: solid 5px;\"><div class=\"tmm_textblock\"><div class=\"tmm_names\"><span class=\"tmm_fname\">Gabriel Alejandro<\/span> <span class=\"tmm_lname\">Uribe Rodr\u00edguez<\/span><\/div><div class=\"tmm_job\">Consultor<\/div><div class=\"tmm_desc\" style=\"text-align:center\">Soy Gabriel Alejandro Uribe Rodrigu\u00e9z, coach, facilitador y orador internacional, inspiro e influyo de manera positiva a todas las personas que interact\u00faan conmigo, haciendo que eleven su nivel de consciencia, prosperidad y creen su propia Riqueza. Ense\u00f1o a prosperar poniendo al servicio de otros mis talentos y conocimientos desde la integridad y plenitud. \r\nSoy modelo de padre amoroso, lider y empresario. \r\n\r\nGabriel Uribe es Coach en liderazgo empresarial para la creaci\u00f3n riqueza en Hispanoam\u00e9rica. \r\n\r\nEmpresario mexicano, conferencista internacional y el primer coach en el perfil de liderazgo de negocios (BLP) en Am\u00e9rica Latina. Gabriel es actualmente Socio Director de Centrum M\u00e9xico.\r\n\r\nHa dado conferencias y seminarios en una variedad de temas como Planteamiento y Seguimiento de Objetivos, Creaci\u00f3n de Realidades Empresariales, Escribe tu mapa al \u00e9xito, Emprendimiento significativo, Liderazgo Integral. Colaborador de diversas revistas de negocios y blogs.  \r\n\r\nEn 2011, fund\u00f3 y contin\u00faa liderando el Club de Negocios \"Fearless Business\" en M\u00e9xico. Creador del Programa de Liderazgo \"Reto Mujer Dormida\", un programa de entrenamiento integral de 6 meses (mente, cuerpo y esp\u00edritu).  \r\n\r\nDisfruta de desarrollo f\u00edsico y termin\u00f3 su primer marat\u00f3n en 2010. Estudiante de artes marciales - cinta negra, segundo dan en Kempo Japon\u00e9s. Iniciado en Reiki, Munaiki y Meditaci\u00f3n Trascendental (TM). Integra sus actividades f\u00edsicas y sus pr\u00e1cticas espirituales en los seminarios y talleres que imparte para maximizar los resultados.\r\n\r\nGabriel es licenciado en Derecho por el ITAM, tiene una maestr\u00eda en Comercio y Finanzas Internacionales por la Universidad de Barcelona, Master en Marketing Internacional por ESEI. Postgrado en Negociaci\u00f3n por la Universidad de Harvard, Gerencia en Ventas por el ITAM, Certificado en el diplomado de Ejecutivo en Franquicias PROCEF por la Universidad An\u00e1huac y la Asociaci\u00f3n Mexicana de Franquicias, es Coach certificado por la ICT de M\u00e9xico, ICC de Londres y CPI de Estocolmo, Certificado por XL como facilitador en dinamica de la Riqueza y Coach en Liderazgo Empresarial. \r\n\r\nAnteriormente, trabaj\u00f3 como L\u00edder de XL Ciudad de M\u00e9xico y Director General Jur\u00eddico en Proyectos y Construcciones URISA. Fue el responsable de la norma ISO 9001-2000, fue socio fundador de GEA 24 y una franquicia de Videomatic. Al principio de su carrera, trabaj\u00f3 como docente en la Escuela Secundaria, Instituto Cumbres (M\u00e9xico) y de universidad ESEI (Barcelona).<\/div><div class=\"tmm_scblock\"><a target=\"_blank\" class=\"tmm_sociallink\" href=\"http:\/\/crioh.org\" title=\"\"><img alt=\"\" src=\"http:\/\/crioh.org\/wp-content\/plugins\/team-members\/inc\/img\/links\/website.png\"\/><\/a><a class=\"tmm_sociallink\" href=\"mailto:\" title=\"\"><img alt=\"\" src=\"http:\/\/crioh.org\/wp-content\/plugins\/team-members\/inc\/img\/links\/email.png\"\/><\/a><a target=\"_blank\" class=\"tmm_sociallink\" href=\"\" title=\"\"><img alt=\"\" src=\"http:\/\/crioh.org\/wp-content\/plugins\/team-members\/inc\/img\/links\/linkedin.png\"\/><\/a><\/div><\/div><\/div><div style=\"clear:both;\"><\/div><\/div><\/div><\/div>\n","protected":false},"excerpt":{"rendered":"","protected":false},"author":1,"featured_media":0,"parent":23,"menu_order":1,"comment_status":"closed","ping_status":"closed","template":"","meta":[],"_links":{"self":[{"href":"http:\/\/crioh.org\/index.php?rest_route=\/wp\/v2\/pages\/384"}],"collection":[{"href":"http:\/\/crioh.org\/index.php?rest_route=\/wp\/v2\/pages"}],"about":[{"href":"http:\/\/crioh.org\/index.php?rest_route=\/wp\/v2\/types\/page"}],"author":[{"embeddable":true,"href":"http:\/\/crioh.org\/index.php?rest_route=\/wp\/v2\/users\/1"}],"replies":[{"embeddable":true,"href":"http:\/\/crioh.org\/index.php?rest_route=%2Fwp%2Fv2%2Fcomments&post=384"}],"version-history":[{"count":2,"href":"http:\/\/crioh.org\/index.php?rest_route=\/wp\/v2\/pages\/384\/revisions"}],"predecessor-version":[{"id":387,"href":"http:\/\/crioh.org\/index.php?rest_route=\/wp\/v2\/pages\/384\/revisions\/387"}],"up":[{"embeddable":true,"href":"http:\/\/crioh.org\/index.php?rest_route=\/wp\/v2\/pages\/23"}],"wp:attachment":[{"href":"http:\/\/crioh.org\/index.php?rest_route=%2Fwp%2Fv2%2Fmedia&parent=384"}],"curies":[{"name":"wp","href":"https:\/\/api.w.org\/{rel}","templated":true}]}}