{"id":48,"date":"2013-10-21T17:27:46","date_gmt":"2013-10-21T22:27:46","guid":{"rendered":"http:\/\/crioh.org\/?page_id=48"},"modified":"2017-01-20T14:27:01","modified_gmt":"2017-01-20T19:27:01","slug":"productos-y-servicios","status":"publish","type":"page","link":"http:\/\/crioh.org\/?page_id=48","title":{"rendered":"Productos y Servicios"},"content":{"rendered":"<div id=\"pl-48\"  class=\"panel-layout\" ><div id=\"pg-48-0\"  class=\"panel-grid panel-no-style\" ><div id=\"pgc-48-0-0\"  class=\"panel-grid-cell panel-grid-cell-empty\" ><\/div><div id=\"pgc-48-0-1\"  class=\"panel-grid-cell panel-grid-cell-mobile-last\" ><div id=\"panel-48-0-1-0\" class=\"so-panel widget widget_sow-editor panel-first-child panel-last-child\" data-index=\"0\" ><div class=\"so-widget-sow-editor so-widget-sow-editor-base\">\n<div class=\"siteorigin-widget-tinymce textwidget\">\n\t<p style=\"text-align: left;\" align=\"center\"><strong>Productos<\/strong><\/p>\n<ul style=\"text-align: left;\">\n<li>Consultoria y Coaching (PYMES)<\/li>\n<li>Certificaci\u00f3n de Instructores en Empresa Consciente.<\/li>\n<li>Conferencias y Seminarios<\/li>\n<li>Diplomado en Liderazgo Consciente.<\/li>\n<\/ul>\n<p style=\"text-align: left;\"><strong><span style=\"color: #333399;\">\u00a0<\/span>Servicios<\/strong><\/p>\n<p style=\"text-align: left;\">Dise\u00f1o de programas Organizacionales Especializados en Aplicaciones del Modelo Integral:<\/p>\n<ul style=\"text-align: left;\">\n<li>Procesos Comerciales y de Marketing<\/li>\n<li>Capacitaci\u00f3n, Retenci\u00f3n y Desarrollo de Talentos<\/li>\n<li>Dise\u00f1os y Sistemas de Co Creaci\u00f3n<\/li>\n<li>Aplicaci\u00f3n del modelo de desarrollo Sist\u00e9mico.<\/li>\n<li>Vinculaci\u00f3n de Estrategias y Servicios de Entrenamientos Especializados.<\/li>\n<\/ul>\n<p style=\"text-align: left;\"><strong>Innovaci\u00f3n<\/strong><\/p>\n<ul>\n<li style=\"text-align: left;\">Training The Trainers para formaci\u00f3n de especialistas.<\/li>\n<li style=\"text-align: left;\">Metodolog\u00eda para implementaci\u00f3n Modelo empresa Consciente.<\/li>\n<li style=\"text-align: left;\"><span style=\"color: #000000;\">\u0097Formaci\u00f3n RED de Representantes Comerciales en M\u00e9xico y Am\u00e9rica Latina.<\/span><\/li>\n<li style=\"text-align: left;\">Estructura de Business Partenrs para Conscious\u00a0Business en Am\u00e9rica Latina.<\/li>\n<li style=\"text-align: left;\">Formaci\u00f3n de programas de formaci\u00f3n con universidades e Instituciones Educativas.<\/li>\n<\/ul>\n<\/div>\n<\/div><\/div><\/div><div id=\"pgc-48-0-2\"  class=\"panel-grid-cell panel-grid-cell-empty\" ><\/div><\/div><\/div>","protected":false},"excerpt":{"rendered":"<p>ProductosConsultoria y Coaching (PYMES)Certificaci\u00f3n de Instructores en Empresa Consciente.Conferencias y SeminariosDiplomado en Liderazgo Consciente.\u00a0ServiciosDise\u00f1o de programas Organizacionales Especializados en Aplicaciones del Modelo Integral:Procesos Comerciales y de MarketingCapacitaci\u00f3n, Retenci\u00f3n y Desarrollo de TalentosDise\u00f1os y Sistemas de Co Creaci\u00f3nAplicaci\u00f3n del modelo de desarrollo Sist\u00e9mico.Vinculaci\u00f3n de Estrategias y Servicios de Entrenamientos Especializados.Innovaci\u00f3nTraining The Trainers para formaci\u00f3n de especialistas.Metodolog\u00eda [&hellip;]<\/p>\n","protected":false},"author":1,"featured_media":0,"parent":0,"menu_order":2,"comment_status":"closed","ping_status":"closed","template":"templates\/template-full-notitle.php","meta":[],"_links":{"self":[{"href":"http:\/\/crioh.org\/index.php?rest_route=\/wp\/v2\/pages\/48"}],"collection":[{"href":"http:\/\/crioh.org\/index.php?rest_route=\/wp\/v2\/pages"}],"about":[{"href":"http:\/\/crioh.org\/index.php?rest_route=\/wp\/v2\/types\/page"}],"author":[{"embeddable":true,"href":"http:\/\/crioh.org\/index.php?rest_route=\/wp\/v2\/users\/1"}],"replies":[{"embeddable":true,"href":"http:\/\/crioh.org\/index.php?rest_route=%2Fwp%2Fv2%2Fcomments&post=48"}],"version-history":[{"count":13,"href":"http:\/\/crioh.org\/index.php?rest_route=\/wp\/v2\/pages\/48\/revisions"}],"predecessor-version":[{"id":370,"href":"http:\/\/crioh.org\/index.php?rest_route=\/wp\/v2\/pages\/48\/revisions\/370"}],"wp:attachment":[{"href":"http:\/\/crioh.org\/index.php?rest_route=%2Fwp%2Fv2%2Fmedia&parent=48"}],"curies":[{"name":"wp","href":"https:\/\/api.w.org\/{rel}","templated":true}]}}