{"id":53,"date":"2013-10-21T18:20:33","date_gmt":"2013-10-21T23:20:33","guid":{"rendered":"http:\/\/crioh.org\/?page_id=53"},"modified":"2017-01-20T14:24:53","modified_gmt":"2017-01-20T19:24:53","slug":"antecedentes","status":"publish","type":"page","link":"http:\/\/crioh.org\/?page_id=53","title":{"rendered":"Antecedentes"},"content":{"rendered":"<p align=\"center\"><span style=\"color: #000000;\"><span style=\"font-weight: bold;\">Empresa Consciente<\/span><\/span><\/p>\n<p align=\"center\"><span style=\"color: #000000;\"><span style=\"font-weight: bold;\"><i>Conscious Capitalism<\/i><\/span><\/span><\/p>\n<p style=\"text-align: left;\" align=\"center\"><span style=\"color: #000000;\"><strong>\u00a0<\/strong><strong>Raj Sisodia<\/strong>; Miembro Fundador del Movimiento hace 10 a\u00f1os del Instituto de Capitalismo Consciente. Profesor de Marketing en Bently.\u00a0Capitalismo Consciente: Propone un estilo de liderazgo centrado en la gente. El movimiento de negocios conscientes promueve los valores que representan la concientizaci\u00f3n social y ambiental a escala global o local.\u00a0\u00a0<\/span><\/p>\n<p align=\"center\"><a href=\"http:\/\/crioh.org\/wp-content\/uploads\/2013\/10\/la-foto1.jpg\"><img decoding=\"async\" loading=\"lazy\" class=\"alignnone  wp-image-131\" src=\"http:\/\/crioh.org\/wp-content\/uploads\/2013\/10\/la-foto1.jpg\" alt=\"la foto\" width=\"318\" height=\"241\" srcset=\"http:\/\/crioh.org\/wp-content\/uploads\/2013\/10\/la-foto1.jpg 992w, http:\/\/crioh.org\/wp-content\/uploads\/2013\/10\/la-foto1-300x227.jpg 300w\" sizes=\"(max-width: 318px) 100vw, 318px\" \/><\/a><\/p>\n<p align=\"center\"><span style=\"font-weight: bold; color: #000000;\"><i>Conscious Business<\/i><\/span><\/p>\n<p style=\"text-align: left;\" align=\"center\"><span style=\"color: #000000;\">La Empresa Consciente: Es la herramienta que desarrollamos para el entrenamiento de los programas de Liderazgo Consciente, basada principalmente en el libro de la Empresa Consciente de Fredy Kofman y otros importantes consultores que colaboran en \u00e9sta metodolog\u00eda que CrioH integra en funci\u00f3n al Modelo Integral de desarrollo de Ken Wilber aplicado a las organizaciones de cualquier tipo.\u00a0\u00a0<\/span><\/p>\n<p align=\"center\"><span style=\"color: #000000;\">Conductas y Comportamientos Fundamentales:<\/span><\/p>\n<ul>\n<li><span style=\"color: #000000;\">La Responsabilidad Incondicional<\/span><\/li>\n<li><span style=\"color: #000000;\">La Humildad Ontol\u00f3gica<\/span><\/li>\n<li><span style=\"color: #000000;\">La Integridad Esencial<\/span><\/li>\n<\/ul>\n<p align=\"center\"><span style=\"font-weight: bold; color: #000000;\">Desarrollo de Habilidades y Competencias:<\/span><\/p>\n<ul>\n<li><span style=\"color: #000000;\">Comunicaci\u00f3n Aut\u00e9ntica<\/span><\/li>\n<li><span style=\"color: #000000;\">Negociaci\u00f3n Productiva<\/span><\/li>\n<li><span style=\"color: #000000;\">Coordinaci\u00f3n Impecable<\/span><\/li>\n<li><span style=\"color: #000000;\">Maestr\u00eda Emocional<\/span><\/li>\n<\/ul>\n<p align=\"center\"><span style=\"font-weight: bold; color: #000000;\">Metodolog\u00eda de la Empresa Consciente<\/span><\/p>\n<p align=\"center\"><a href=\"http:\/\/crioh.org\/wp-content\/uploads\/2013\/10\/Captura-de-pantalla-2014-03-14-a-las-12.20.42.png\"><img decoding=\"async\" loading=\"lazy\" class=\"alignnone size-large wp-image-166\" src=\"http:\/\/crioh.org\/wp-content\/uploads\/2013\/10\/Captura-de-pantalla-2014-03-14-a-las-12.20.42-1024x599.png\" alt=\"Captura de pantalla 2014-03-14 a la(s) 12.20.42\" width=\"474\" height=\"277\" srcset=\"http:\/\/crioh.org\/wp-content\/uploads\/2013\/10\/Captura-de-pantalla-2014-03-14-a-las-12.20.42-1024x599.png 1024w, http:\/\/crioh.org\/wp-content\/uploads\/2013\/10\/Captura-de-pantalla-2014-03-14-a-las-12.20.42-300x175.png 300w, http:\/\/crioh.org\/wp-content\/uploads\/2013\/10\/Captura-de-pantalla-2014-03-14-a-las-12.20.42.png 1079w\" sizes=\"(max-width: 474px) 100vw, 474px\" \/><\/a><\/p>\n<p align=\"center\"><span style=\"color: #000000;\"><span style=\"font-weight: bold;\"><i>Modelo Integral<\/i><\/span>\u00a0\u00a0<\/span><\/p>\n<p><span style=\"color: #000000;\">Kenneth Earl Wilber Jr. o Ken Wilber es un escritor estadounidense cuyos intereses versan principalmente sobre filosof\u00eda, psicolog\u00eda, religiones comparadas, historia, ecolog\u00eda y misticismo.\u00a0En 1998\u00a0fund\u00f3 el Instituto Integral.\u00a0<\/span><\/p>\n<p><a href=\"http:\/\/crioh.org\/wp-content\/uploads\/2013\/10\/Ken-Wilber1.jpg\"><img decoding=\"async\" loading=\"lazy\" class=\"wp-image-170 aligncenter\" src=\"http:\/\/crioh.org\/wp-content\/uploads\/2013\/10\/Ken-Wilber1.jpg\" alt=\"Ken-Wilber1\" width=\"230\" height=\"270\" \/><\/a><\/p>\n<p>&nbsp;<\/p>\n<p>&nbsp;<\/p>\n","protected":false},"excerpt":{"rendered":"<p>Empresa Consciente Conscious Capitalism \u00a0Raj Sisodia; Miembro Fundador del Movimiento hace 10 a\u00f1os del Instituto de Capitalismo Consciente. Profesor de Marketing en Bently.\u00a0Capitalismo Consciente: Propone un estilo de liderazgo centrado en la gente. El movimiento de negocios conscientes promueve los valores que representan la concientizaci\u00f3n social y ambiental a escala global o local.\u00a0\u00a0 Conscious Business [&hellip;]<\/p>\n","protected":false},"author":1,"featured_media":0,"parent":23,"menu_order":0,"comment_status":"closed","ping_status":"closed","template":"templates\/template-full-notitle.php","meta":[],"_links":{"self":[{"href":"http:\/\/crioh.org\/index.php?rest_route=\/wp\/v2\/pages\/53"}],"collection":[{"href":"http:\/\/crioh.org\/index.php?rest_route=\/wp\/v2\/pages"}],"about":[{"href":"http:\/\/crioh.org\/index.php?rest_route=\/wp\/v2\/types\/page"}],"author":[{"embeddable":true,"href":"http:\/\/crioh.org\/index.php?rest_route=\/wp\/v2\/users\/1"}],"replies":[{"embeddable":true,"href":"http:\/\/crioh.org\/index.php?rest_route=%2Fwp%2Fv2%2Fcomments&post=53"}],"version-history":[{"count":23,"href":"http:\/\/crioh.org\/index.php?rest_route=\/wp\/v2\/pages\/53\/revisions"}],"predecessor-version":[{"id":223,"href":"http:\/\/crioh.org\/index.php?rest_route=\/wp\/v2\/pages\/53\/revisions\/223"}],"up":[{"embeddable":true,"href":"http:\/\/crioh.org\/index.php?rest_route=\/wp\/v2\/pages\/23"}],"wp:attachment":[{"href":"http:\/\/crioh.org\/index.php?rest_route=%2Fwp%2Fv2%2Fmedia&parent=53"}],"curies":[{"name":"wp","href":"https:\/\/api.w.org\/{rel}","templated":true}]}}